{"id":7,"date":"2021-09-28T02:22:19","date_gmt":"2021-09-28T02:22:19","guid":{"rendered":"https:\/\/hypermegared.com\/?page_id=7"},"modified":"2022-01-05T00:46:42","modified_gmt":"2022-01-05T00:46:42","slug":"beautiful-portfolios-for-exceptional-creatives","status":"publish","type":"page","link":"https:\/\/hypermegared.com\/","title":{"rendered":"Bienvenido"},"content":{"rendered":"\n<p class=\"has-text-align-center\"><meta charset=\"utf-8\"><\/p>\n\n\n\n<p>Nuestra empresa proporciona un portafolio de servicios inform\u00e1ticos altamente eficientes orientado a solucionar los requerimientos del \u00e1rea de TI pensando en optimizaci\u00f3n de recursos y reducci\u00f3n<br>de costos con soluciones de los principales fabricantes de tecnolog\u00eda, adem\u00e1s de un servicio integral que engloba todos los servicios de distintas \u00e1reas. <\/p>\n\n\n\n<div style=\"height:55px\" aria-hidden=\"true\" class=\"wp-block-spacer\"><\/div>\n\n\n\n<div class=\"is-layout-flow wp-block-group alignfull has-background\" style=\"background-color:#e5e9ec\">\n<div class=\"is-layout-flex wp-container-4 wp-block-columns\">\n<div class=\"is-layout-flow wp-block-column is-vertically-aligned-center\">\n<h2>ENTENDIMIENTO<\/h2>\n\n\n\n<p> El servicio de ACH nace a ra\u00edz de las necesidades detectadas en las empresas por mantener e incrementar el rendimiento de sus infraestructuras tecnol\u00f3gicas mediante una correcta gesti\u00f3n de sus sistemas inform\u00e1ticos. <\/p>\n\n\n\n<div class=\"is-layout-flex wp-block-buttons is-content-justification-left\">\n<div class=\"wp-block-button is-style-outline\"><a class=\"wp-block-button__link no-border-radius\" href=\"#\">About Us<\/a><\/div>\n<\/div>\n\n\n\n<p><\/p>\n<\/div>\n\n\n\n<div class=\"is-layout-flow wp-block-column\">\n<div style=\"height:48px\" aria-hidden=\"true\" class=\"wp-block-spacer\"><\/div>\n\n\n\n<figure class=\"wp-block-image size-full\"><img decoding=\"async\" loading=\"lazy\" width=\"800\" height=\"554\" src=\"https:\/\/hypermegared.com\/wp-content\/uploads\/2021\/09\/Los-Tipos-de-Agencias-en-la-Consultoria-Politica-Digital-864x598_800x.png\" alt=\"\" class=\"wp-image-37\" srcset=\"https:\/\/hypermegared.com\/wp-content\/uploads\/2021\/09\/Los-Tipos-de-Agencias-en-la-Consultoria-Politica-Digital-864x598_800x.png 800w, https:\/\/hypermegared.com\/wp-content\/uploads\/2021\/09\/Los-Tipos-de-Agencias-en-la-Consultoria-Politica-Digital-864x598_800x-300x208.png 300w, https:\/\/hypermegared.com\/wp-content\/uploads\/2021\/09\/Los-Tipos-de-Agencias-en-la-Consultoria-Politica-Digital-864x598_800x-768x532.png 768w\" sizes=\"(max-width: 800px) 100vw, 800px\" \/><\/figure>\n<\/div>\n<\/div>\n<\/div>\n\n\n\n<div class=\"is-layout-flow wp-block-group alignfull\">\n<div class=\"is-layout-flex wp-container-9 wp-block-columns are-vertically-aligned-center\">\n<div class=\"is-layout-flow wp-block-column is-vertically-aligned-center\">\n<div style=\"height:48px\" aria-hidden=\"true\" class=\"wp-block-spacer\"><\/div>\n\n\n\n<figure class=\"wp-block-image size-large is-resized\"><img decoding=\"async\" loading=\"lazy\" src=\"https:\/\/hypermegared.com\/wp-content\/uploads\/2021\/09\/2-1024x969.png\" alt=\"\" class=\"wp-image-38\" width=\"385\" height=\"364\" srcset=\"https:\/\/hypermegared.com\/wp-content\/uploads\/2021\/09\/2-1024x969.png 1024w, https:\/\/hypermegared.com\/wp-content\/uploads\/2021\/09\/2-300x284.png 300w, https:\/\/hypermegared.com\/wp-content\/uploads\/2021\/09\/2-768x727.png 768w, https:\/\/hypermegared.com\/wp-content\/uploads\/2021\/09\/2.png 1140w\" sizes=\"(max-width: 385px) 100vw, 385px\" \/><\/figure>\n<\/div>\n\n\n\n<div class=\"is-layout-flow wp-block-column is-vertically-aligned-center\">\n<h2>INNOVACI\u00d3N<\/h2>\n\n\n\n<p>En ACH entendemos la innovaci\u00f3n desde un punto de vista pr\u00e1ctico de mejora permanente de todos los procesos clave de la empresa que facilitan su crecimiento y rentabilidad.<\/p>\n\n\n\n<div class=\"is-layout-flex wp-block-buttons\">\n<div class=\"wp-block-button is-style-outline\"><a class=\"wp-block-button__link no-border-radius\" href=\"#\">Services<\/a><\/div>\n<\/div>\n<\/div>\n<\/div>\n<\/div>\n\n\n\n<div class=\"is-layout-flow wp-block-group alignfull has-black-background-color has-background\">\n<h2 class=\"has-text-align-center has-white-color has-text-color\"><strong>ALIANZAS<\/strong><\/h2>\n\n\n\n<div class=\"wp-block-carousel-slider-slider\"><div class=\"carousel-slider-outer carousel-slider-outer-image-carousel carousel-slider-outer-86\" style=\"--carousel-slider-nav-color:#f1f1f1;--carousel-slider-active-nav-color:#00d1b2;--carousel-slider-arrow-size:48px;--carousel-slider-bullet-size:10px\">\n<div id=\"&#039;id-86\" class=\"carousel-slider carousel-slider-86 arrows-visibility-hover dots-visibility-never arrows-outside dots-center dots-circle owl-carousel\" data-slide-type=\"image-carousel\" data-owl-settings='{\"nav\":true,\"dots\":false,\"slideBy\":1,\"stagePadding\":0,\"margin\":10,\"loop\":true,\"lazyLoad\":false,\"autoplay\":true,\"autoplayTimeout\":5000,\"autoplaySpeed\":500,\"autoplayHoverPause\":true,\"autoWidth\":false,\"responsive\":{\"300\":{\"items\":1},\"576\":{\"items\":2},\"768\":{\"items\":2},\"1024\":{\"items\":3},\"1280\":{\"items\":4},\"1536\":{\"items\":5}}}'>\n<div class=\"carousel-slider__item\">\n\t<img width=\"300\" height=\"194\" src=\"https:\/\/hypermegared.com\/wp-content\/uploads\/2022\/01\/2-1-300x194.png\" class=\"attachment-medium size-medium\" alt=\"\" decoding=\"async\" loading=\"lazy\" srcset=\"https:\/\/hypermegared.com\/wp-content\/uploads\/2022\/01\/2-1-300x194.png 300w, https:\/\/hypermegared.com\/wp-content\/uploads\/2022\/01\/2-1-1024x663.png 1024w, https:\/\/hypermegared.com\/wp-content\/uploads\/2022\/01\/2-1-768x497.png 768w, https:\/\/hypermegared.com\/wp-content\/uploads\/2022\/01\/2-1-1536x994.png 1536w, https:\/\/hypermegared.com\/wp-content\/uploads\/2022\/01\/2-1.png 2000w\" sizes=\"100vw\" \/><\/a><\/div>\n\n<div class=\"carousel-slider__item\">\n\t<img width=\"300\" height=\"194\" src=\"https:\/\/hypermegared.com\/wp-content\/uploads\/2022\/01\/3-1-300x194.png\" class=\"attachment-medium size-medium\" alt=\"\" decoding=\"async\" loading=\"lazy\" srcset=\"https:\/\/hypermegared.com\/wp-content\/uploads\/2022\/01\/3-1-300x194.png 300w, https:\/\/hypermegared.com\/wp-content\/uploads\/2022\/01\/3-1-1024x663.png 1024w, https:\/\/hypermegared.com\/wp-content\/uploads\/2022\/01\/3-1-768x497.png 768w, https:\/\/hypermegared.com\/wp-content\/uploads\/2022\/01\/3-1-1536x994.png 1536w, https:\/\/hypermegared.com\/wp-content\/uploads\/2022\/01\/3-1.png 2000w\" sizes=\"100vw\" \/><\/a><\/div>\n\n<div class=\"carousel-slider__item\">\n\t<img width=\"300\" height=\"194\" src=\"https:\/\/hypermegared.com\/wp-content\/uploads\/2022\/01\/4-1-300x194.png\" class=\"attachment-medium size-medium\" alt=\"\" decoding=\"async\" loading=\"lazy\" srcset=\"https:\/\/hypermegared.com\/wp-content\/uploads\/2022\/01\/4-1-300x194.png 300w, https:\/\/hypermegared.com\/wp-content\/uploads\/2022\/01\/4-1-1024x663.png 1024w, https:\/\/hypermegared.com\/wp-content\/uploads\/2022\/01\/4-1-768x497.png 768w, https:\/\/hypermegared.com\/wp-content\/uploads\/2022\/01\/4-1-1536x994.png 1536w, https:\/\/hypermegared.com\/wp-content\/uploads\/2022\/01\/4-1.png 2000w\" sizes=\"100vw\" \/><\/a><\/div>\n\n<div class=\"carousel-slider__item\">\n\t<img width=\"300\" height=\"194\" src=\"https:\/\/hypermegared.com\/wp-content\/uploads\/2022\/01\/5-1-300x194.png\" class=\"attachment-medium size-medium\" alt=\"\" decoding=\"async\" loading=\"lazy\" srcset=\"https:\/\/hypermegared.com\/wp-content\/uploads\/2022\/01\/5-1-300x194.png 300w, https:\/\/hypermegared.com\/wp-content\/uploads\/2022\/01\/5-1-1024x663.png 1024w, https:\/\/hypermegared.com\/wp-content\/uploads\/2022\/01\/5-1-768x497.png 768w, https:\/\/hypermegared.com\/wp-content\/uploads\/2022\/01\/5-1-1536x994.png 1536w, https:\/\/hypermegared.com\/wp-content\/uploads\/2022\/01\/5-1.png 2000w\" sizes=\"100vw\" \/><\/a><\/div>\n\n<div class=\"carousel-slider__item\">\n\t<img width=\"300\" height=\"194\" src=\"https:\/\/hypermegared.com\/wp-content\/uploads\/2022\/01\/6-1-300x194.png\" class=\"attachment-medium size-medium\" alt=\"\" decoding=\"async\" loading=\"lazy\" srcset=\"https:\/\/hypermegared.com\/wp-content\/uploads\/2022\/01\/6-1-300x194.png 300w, https:\/\/hypermegared.com\/wp-content\/uploads\/2022\/01\/6-1-1024x663.png 1024w, https:\/\/hypermegared.com\/wp-content\/uploads\/2022\/01\/6-1-768x497.png 768w, https:\/\/hypermegared.com\/wp-content\/uploads\/2022\/01\/6-1-1536x994.png 1536w, https:\/\/hypermegared.com\/wp-content\/uploads\/2022\/01\/6-1.png 2000w\" sizes=\"100vw\" \/><\/a><\/div>\n\n<div class=\"carousel-slider__item\">\n\t<img width=\"300\" height=\"194\" src=\"https:\/\/hypermegared.com\/wp-content\/uploads\/2022\/01\/7-1-300x194.png\" class=\"attachment-medium size-medium\" alt=\"\" decoding=\"async\" loading=\"lazy\" srcset=\"https:\/\/hypermegared.com\/wp-content\/uploads\/2022\/01\/7-1-300x194.png 300w, https:\/\/hypermegared.com\/wp-content\/uploads\/2022\/01\/7-1-1024x663.png 1024w, https:\/\/hypermegared.com\/wp-content\/uploads\/2022\/01\/7-1-768x497.png 768w, https:\/\/hypermegared.com\/wp-content\/uploads\/2022\/01\/7-1-1536x994.png 1536w, https:\/\/hypermegared.com\/wp-content\/uploads\/2022\/01\/7-1.png 2000w\" sizes=\"100vw\" \/><\/a><\/div>\n\n<div class=\"carousel-slider__item\">\n\t<img width=\"300\" height=\"194\" src=\"https:\/\/hypermegared.com\/wp-content\/uploads\/2022\/01\/8-1-300x194.png\" class=\"attachment-medium size-medium\" alt=\"\" decoding=\"async\" loading=\"lazy\" srcset=\"https:\/\/hypermegared.com\/wp-content\/uploads\/2022\/01\/8-1-300x194.png 300w, https:\/\/hypermegared.com\/wp-content\/uploads\/2022\/01\/8-1-1024x663.png 1024w, https:\/\/hypermegared.com\/wp-content\/uploads\/2022\/01\/8-1-768x497.png 768w, https:\/\/hypermegared.com\/wp-content\/uploads\/2022\/01\/8-1-1536x994.png 1536w, https:\/\/hypermegared.com\/wp-content\/uploads\/2022\/01\/8-1.png 2000w\" sizes=\"100vw\" \/><\/a><\/div>\n\n<div class=\"carousel-slider__item\">\n\t<img width=\"300\" height=\"194\" src=\"https:\/\/hypermegared.com\/wp-content\/uploads\/2022\/01\/9-1-300x194.png\" class=\"attachment-medium size-medium\" alt=\"\" decoding=\"async\" loading=\"lazy\" srcset=\"https:\/\/hypermegared.com\/wp-content\/uploads\/2022\/01\/9-1-300x194.png 300w, https:\/\/hypermegared.com\/wp-content\/uploads\/2022\/01\/9-1-1024x663.png 1024w, https:\/\/hypermegared.com\/wp-content\/uploads\/2022\/01\/9-1-768x497.png 768w, https:\/\/hypermegared.com\/wp-content\/uploads\/2022\/01\/9-1-1536x994.png 1536w, https:\/\/hypermegared.com\/wp-content\/uploads\/2022\/01\/9-1.png 2000w\" sizes=\"100vw\" \/><\/a><\/div>\n\n<div class=\"carousel-slider__item\">\n\t<img width=\"300\" height=\"194\" src=\"https:\/\/hypermegared.com\/wp-content\/uploads\/2022\/01\/10-1-300x194.png\" class=\"attachment-medium size-medium\" alt=\"\" decoding=\"async\" loading=\"lazy\" srcset=\"https:\/\/hypermegared.com\/wp-content\/uploads\/2022\/01\/10-1-300x194.png 300w, https:\/\/hypermegared.com\/wp-content\/uploads\/2022\/01\/10-1-1024x663.png 1024w, https:\/\/hypermegared.com\/wp-content\/uploads\/2022\/01\/10-1-768x497.png 768w, https:\/\/hypermegared.com\/wp-content\/uploads\/2022\/01\/10-1-1536x994.png 1536w, https:\/\/hypermegared.com\/wp-content\/uploads\/2022\/01\/10-1.png 2000w\" sizes=\"100vw\" \/><\/a><\/div>\n\n<div class=\"carousel-slider__item\">\n\t<img width=\"300\" height=\"194\" src=\"https:\/\/hypermegared.com\/wp-content\/uploads\/2022\/01\/11-1-300x194.png\" class=\"attachment-medium size-medium\" alt=\"\" decoding=\"async\" loading=\"lazy\" srcset=\"https:\/\/hypermegared.com\/wp-content\/uploads\/2022\/01\/11-1-300x194.png 300w, https:\/\/hypermegared.com\/wp-content\/uploads\/2022\/01\/11-1-1024x663.png 1024w, https:\/\/hypermegared.com\/wp-content\/uploads\/2022\/01\/11-1-768x497.png 768w, https:\/\/hypermegared.com\/wp-content\/uploads\/2022\/01\/11-1-1536x994.png 1536w, https:\/\/hypermegared.com\/wp-content\/uploads\/2022\/01\/11-1.png 2000w\" sizes=\"100vw\" \/><\/a><\/div>\n\n<div class=\"carousel-slider__item\">\n\t<img width=\"300\" height=\"194\" src=\"https:\/\/hypermegared.com\/wp-content\/uploads\/2022\/01\/12-1-300x194.png\" class=\"attachment-medium size-medium\" alt=\"\" decoding=\"async\" loading=\"lazy\" srcset=\"https:\/\/hypermegared.com\/wp-content\/uploads\/2022\/01\/12-1-300x194.png 300w, https:\/\/hypermegared.com\/wp-content\/uploads\/2022\/01\/12-1-1024x663.png 1024w, https:\/\/hypermegared.com\/wp-content\/uploads\/2022\/01\/12-1-768x497.png 768w, https:\/\/hypermegared.com\/wp-content\/uploads\/2022\/01\/12-1-1536x994.png 1536w, https:\/\/hypermegared.com\/wp-content\/uploads\/2022\/01\/12-1.png 2000w\" sizes=\"100vw\" \/><\/a><\/div>\n\n<div class=\"carousel-slider__item\">\n\t<img width=\"300\" height=\"194\" src=\"https:\/\/hypermegared.com\/wp-content\/uploads\/2022\/01\/13-1-300x194.png\" class=\"attachment-medium size-medium\" alt=\"\" decoding=\"async\" loading=\"lazy\" srcset=\"https:\/\/hypermegared.com\/wp-content\/uploads\/2022\/01\/13-1-300x194.png 300w, https:\/\/hypermegared.com\/wp-content\/uploads\/2022\/01\/13-1-1024x663.png 1024w, https:\/\/hypermegared.com\/wp-content\/uploads\/2022\/01\/13-1-768x497.png 768w, https:\/\/hypermegared.com\/wp-content\/uploads\/2022\/01\/13-1-1536x994.png 1536w, https:\/\/hypermegared.com\/wp-content\/uploads\/2022\/01\/13-1.png 2000w\" sizes=\"100vw\" \/><\/a><\/div>\n\n<\/div><!-- .carousel-slider-86 -->\n<\/div><!-- .carousel-slider-outer-86 -->\n<\/div>\n\n\n\n<p><\/p>\n<\/div>\n\n\n\n<div class=\"wp-block-cover alignfull has-background-dim-40 has-black-background-color has-background-dim has-parallax is-position-center-center\" style=\"background-image:url(https:\/\/hypermegared.com\/wp-content\/uploads\/2021\/09\/managed_it_services_page.jpg);min-height:375px\"><div class=\"wp-block-cover__inner-container\">\n<p class=\"has-text-align-center has-text-color has-huge-font-size\" style=\"color:#fffffa;line-height:1.1\"><strong>PERM\u00cdTENOS SER TU ALIADO&#8230;<\/strong><\/p>\n\n\n\n<div style=\"height:39px\" aria-hidden=\"true\" class=\"wp-block-spacer\"><\/div>\n\n\n\n<div class=\"is-layout-flex wp-block-buttons is-content-justification-center\">\n<div class=\"wp-block-button is-style-outline\"><a class=\"wp-block-button__link has-white-color has-text-color no-border-radius\" href=\"#\">Contact us<\/a><\/div>\n<\/div>\n<\/div><\/div>\n","protected":false},"excerpt":{"rendered":"<p>Nuestra empresa proporciona un portafolio de servicios inform\u00e1ticos altamente eficientes orientado a solucionar los requerimientos del \u00e1rea de TI pensando en optimizaci\u00f3n de recursos y reducci\u00f3nde costos con soluciones de los principales fabricantes de tecnolog\u00eda, adem\u00e1s de un servicio integral que engloba todos los servicios de distintas \u00e1reas. ENTENDIMIENTO El servicio de ACH nace a &hellip; <\/p>\n<p class=\"link-more\"><a href=\"https:\/\/hypermegared.com\/\" class=\"more-link\">Read more<span class=\"screen-reader-text\"> &#8220;Bienvenido&#8221;<\/span><\/a><\/p>\n","protected":false},"author":1,"featured_media":0,"parent":0,"menu_order":0,"comment_status":"closed","ping_status":"closed","template":"","meta":[],"_links":{"self":[{"href":"https:\/\/hypermegared.com\/index.php?rest_route=\/wp\/v2\/pages\/7"}],"collection":[{"href":"https:\/\/hypermegared.com\/index.php?rest_route=\/wp\/v2\/pages"}],"about":[{"href":"https:\/\/hypermegared.com\/index.php?rest_route=\/wp\/v2\/types\/page"}],"author":[{"embeddable":true,"href":"https:\/\/hypermegared.com\/index.php?rest_route=\/wp\/v2\/users\/1"}],"replies":[{"embeddable":true,"href":"https:\/\/hypermegared.com\/index.php?rest_route=%2Fwp%2Fv2%2Fcomments&post=7"}],"version-history":[{"count":6,"href":"https:\/\/hypermegared.com\/index.php?rest_route=\/wp\/v2\/pages\/7\/revisions"}],"predecessor-version":[{"id":100,"href":"https:\/\/hypermegared.com\/index.php?rest_route=\/wp\/v2\/pages\/7\/revisions\/100"}],"wp:attachment":[{"href":"https:\/\/hypermegared.com\/index.php?rest_route=%2Fwp%2Fv2%2Fmedia&parent=7"}],"curies":[{"name":"wp","href":"https:\/\/api.w.org\/{rel}","templated":true}]}}